{"id":20,"date":"2022-09-07T19:38:20","date_gmt":"2022-09-07T19:38:20","guid":{"rendered":"https:\/\/parasimpatic.ro\/?page_id=20"},"modified":"2024-07-06T08:49:16","modified_gmt":"2024-07-06T08:49:16","slug":"about-this-initiative","status":"publish","type":"page","link":"https:\/\/parasimpatic.ro\/","title":{"rendered":"Despre site"},"content":{"rendered":"\n<p>Acesta nu este un site de promovare, este un site de provocare a unor procese interioare de con\u0219tientizare. De aceea, nu respect\u0103 \u00eentotdeauna <em>bunele maniere<\/em> ale comunic\u0103rii pe Internet \u0219i nici nu are preten\u021bii de <em>text-appeal<\/em>. <\/p>\n\n\n\n<p>\u00cen locul experien\u021belor de tip \u201dwow!\u201d, care sunt promise, de obicei, ca fiind garan\u021bia lucrului bine f\u0103cut (de fapt, u\u0219or de v\u00e2ndut&#8230;), fie el blog, carte, curs sau workshop experien\u021bial, am ales s\u0103 ofer doar \u0219ansa trezirii de noi perspective \u0219i a con\u0219tientiz\u0103rii propriilor limite sau blocaje, asupra c\u0103rora fiecare avem apoi datoria s\u0103 lucr\u0103m singuri, \u00een t\u0103cere.<\/p>\n\n\n\n<p>Scopul este de a ajuta persoanele stresate s\u0103 \u00ee\u0219i g\u0103seasc\u0103 propria cale, s\u0103 descopere c\u0103 avem cu to\u021bii acelea\u0219i provoc\u0103ri \u0219i o multitudine de posibilit\u0103\u021bi de a le dep\u0103\u0219i.<\/p>\n\n\n\n<p>Informa\u021biile nu au rol de re\u021bete medicale sau psihologice, sunt destinate spre a fi analizate, verificate \u0219i testate prin alegerea \u0219i pe r\u0103spunderea fiec\u0103ruia. Acolo unde este posibil, vor fi precizate sursele sau referin\u021bele, pentru c\u0103 orice aprofundare este binevenit\u0103.<\/p>\n\n\n\n<h3 class=\"wp-block-heading has-text-color\" style=\"color:#000000d1\">Cui se adreseaz\u0103?<\/h3>\n\n\n\n<p>Oricui are cu adev\u0103rat nevoie (\u0219i \u00ee\u0219i \u0219i dore\u0219te!) s\u0103 \u00ee\u0219i transforme m\u0103car pu\u021bin perspectiva, s\u0103 reflecteze asupra unor aspecte care poate nu merg chiar at\u00e2t de bine &#8211; din via\u021ba sa sau a altora. <\/p>\n\n\n\n<p>Nu este un site de \u201ddat pe share\u201d, nu reprezint\u0103 o surs\u0103 care s\u0103 atrag\u0103 like-uri \u0219i nu are sec\u021biune de comentarii contradictorii.<\/p>\n\n\n\n<h3 class=\"wp-block-heading\"><font color=\"\u2019#112573\u2019\"><strong>De ce PARASIMPATIC.RO?<\/strong><\/font><\/h3>\n\n\n\n<p style=\"font-size:16px\">Pentru c\u0103 este o parte extrem de important\u0103 a sistemului nostru nervos, despre care nu se vorbe\u015fte \u015fi nu se scrie mai deloc, de\u015fi este esen\u0163ial\u0103 pentru tot ce \u00eenseamn\u0103 Via\u0163a tr\u0103it\u0103 din plin, mai ales \u00een societatea actual\u0103. Cu totii \u0219tim c\u0103 este foarte important s\u0103 ne relax\u0103m, dar cum s\u0103 facem aceasta eficient? Accesarea mecanismelor naturale ale sistemul nervos parasimpatic reprezint\u0103 poarta c\u0103tre o via\u021b\u0103 s\u0103n\u0103toas\u0103 \u0219i viguroas\u0103 p\u00e2n\u0103 la v\u00e2rste \u00eenaintate.<\/p>\n\n\n\n<h3 class=\"wp-block-heading\"><font color=\"\u2019#112573\u2019\"><strong>De ce&#8230; \u0219i eu?<\/strong><\/font><\/h3>\n\n\n<div class=\"wp-block-image\">\n<figure class=\"alignright size-full\"><img loading=\"lazy\" decoding=\"async\" width=\"167\" height=\"172\" src=\"https:\/\/parasimpatic.ro\/wp-content\/uploads\/2022\/09\/Medalion-Dan-2-rotund-1.png\" alt=\"\" class=\"wp-image-112\"\/><\/figure>\n<\/div>\n\n\n<p class=\"has-text-align-left\" style=\"font-size:16px\">Dac\u0103 a\u021bi dori s\u0103 \u00eenv\u0103\u021ba\u021bi cum s\u0103 ave\u021bi mai mul\u021bi bani, pe cine a\u021bi \u00eentreba? Pe un fiu de bancher, pe un profesor de finan\u021be sau pe cei care, pornind \u00een via\u021b\u0103 f\u0103r\u0103 auspicii deosebit de favorabile (aparent&#8230;), au reu\u0219it s\u0103 \u00ee\u0219i creasc\u0103 talan\u021bii prin propria munc\u0103 \u0219i experien\u021b\u0103? <\/p>\n\n\n\n<p class=\"has-text-align-left\" style=\"font-size:16px\">Dac\u0103 a\u021bi vrea s\u0103 \u00eenv\u0103\u021ba\u021bi o meserie, v-a\u021bi baza doar pe informa\u021biile de pe Facebook, Google, Youtube, poate chiar din vreo carte cu recomand\u0103ri sau a\u021bi prefera pe cineva care o \u0219i practic\u0103?<\/p>\n\n\n\n<p class=\"has-text-align-left\" style=\"font-size:16px\">Am credin\u021ba c\u0103 fiecare avem ceva de spus in via\u021b\u0103, prin prisma propriei c\u0103ut\u0103ri \u0219i mai ales a propriei experien\u021be &#8211; dovedite de rezultate. Adic\u0103 din propria practic\u0103, nu doar teorie.<\/p>\n\n\n\n<p class=\"has-text-align-left\" style=\"font-size:16px\">Sunt inginer \u0219i sunt un pasionat c\u0103ut\u0103tor de solu\u021bii la orice problem\u0103. P\u00e2n\u0103 cu ceva ani \u00een urm\u0103, cei \u0219apte ani de acas\u0103, obiceiurile \u0219i normele sociale, informa\u021biile \u201ca\u0219a cum le \u0219tie toat\u0103 lumea\u201d m-au ajutat, dar \u00een ultima vreme a trebuit s\u0103 accept c\u0103 lumea, oamenii, tot ce \u00eenseamn\u0103 Via\u021ba reprezint\u0103 infinit mai mult dec\u00e2t un mecanism bazat pe re\u021bete simple de genul \u201ca\u0219a trebuie s\u0103 faci dac\u0103 vrei s\u0103 ai Succes\u201d. <\/p>\n\n\n\n<p class=\"has-text-align-left\" style=\"font-size:16px\">Av\u00e2nd o experien\u021b\u0103 de peste 25 de ani de lucru cu clien\u021bii &#8211; \u00een special cei nemul\u021bumi\u021bi &#8211; am avut nenum\u0103rate ocazii de a studia stresul \u0219i reac\u021biile umane \u00een situa\u021bii \u201dnedorite\u201d. \u00cen primul r\u00e2nd l-am studiat \u201cpe propria piele\u201d, trec\u00e2nd prin perioade de stres care mi-au afectat s\u0103n\u0103tatea \u00een mod foarte serios. <\/p>\n\n\n\n<p class=\"has-text-align-left\" style=\"font-size:16px\">Deoarece nu m-am mul\u021bumit cu recomand\u0103rile medicale standard &#8211; care, \u00een general, evit\u0103 corelarea simptomelor fiziologice cu cauzele psihologice, sunt bazate pe statistici cu OAMENI CARE NU \u00ce\u0218I SCHIMB\u0102 CU NIMIC OBICEIURILE \u0219i sunt orientate mai mult pe tratamentul efectelor &#8211; am c\u0103utat, am studiat \u0219i am testat cam tot ce am g\u0103sit c\u0103 mi-ar putea fi de ajutor CA S\u0102 FAC SCHIMB\u0102RI BENEFICE \u00een Via\u021ba mea. De la terapii naturiste \u0219i tradi\u021bionale, la metodele moderne gen NLP, EFT, coaching \u0219i mai departe la studiul surselor autentice de \u00een\u021belepciune, am c\u0103utat s\u0103 extrag principiile de baz\u0103. Am aplicat \u00een propria via\u021b\u0103 cam tot ceea ce am descoperit, iar rezultatele ob\u021binute m-au determinat s\u0103 \u00eencep acest demers de \u00eemp\u0103rt\u0103\u0219ire deschis\u0103 c\u0103tre to\u021bi cei care au nevoie \u0219i sunt cu adev\u0103rat interesa\u021bi s\u0103 fac\u0103 mici schimb\u0103ri cu un mare impact \u00een vie\u021bile lor.<\/p>\n\n\n\n<p class=\"has-text-align-left\" style=\"font-size:16px\"> Deloc \u00eent\u00e2mpl\u0103tor, toate c\u0103ut\u0103rile pe aceste direc\u021bii uneori aparent opuse, mi-au ar\u0103tat c\u0103 aceste principii esen\u021biale sunt acelea\u0219i \u0219i sunt\u2026 inevitabile.<\/p>\n\n\n\n<blockquote class=\"wp-block-quote has-text-color has-background has-medium-font-size is-layout-flow wp-block-quote-is-layout-flow\" style=\"color:#112573;background-color:#fcf8ea\">\n<p>Circumstan\u021bele nu \u00eel fac pe om, doar \u00eel reveleaz\u0103 lui \u00eensu\u0219i.<\/p>\n<cite>Epicte<em>t<\/em><\/cite><\/blockquote>\n\n\n\n<div class=\"wp-block-columns is-layout-flex wp-container-core-columns-is-layout-9d6595d7 wp-block-columns-is-layout-flex\">\n<div class=\"wp-block-column is-layout-flow wp-block-column-is-layout-flow\" style=\"flex-basis:33.33%\">\n<p>Am convingerea c\u0103 am descoperit ceva cu adev\u0103rat valoros, pentru c\u0103, aplic\u00e2nd aceste principii, am ob\u021binut rezultate acolo unde doar cu informa\u021biile \u0219i metodele cunoscute nu reu\u0219eam. &nbsp;De-a lungul timpului am \u00eenceput s\u0103 observ c\u0103 exist\u0103 anumite chei valoroase f\u0103r\u0103 de care rezultatele apar mai greu sau chiar deloc. Am observat c\u0103 tot ceea ce \u0219tiu precum \u0219i tot ceea ce continui s\u0103 aflu nou, se coreleaz\u0103 \u0219i se asambleaz\u0103 \u00eentr-un mecanism perfect.  Fiecare nou\u0103 informa\u021bie se adaug\u0103 \u0219i completeaz\u0103 o perspectiv\u0103 ce devine din ce in ce mai complex\u0103. Acum \u0219tiu c\u0103 via\u021ba chiar poate fi transformat\u0103  dintr-o curs\u0103 cu obstacole, \u00eentr-o c\u0103l\u0103torie plin\u0103 de revela\u021bii.<\/p>\n<\/div>\n\n\n\n<div class=\"wp-block-column is-layout-flow wp-block-column-is-layout-flow\" style=\"flex-basis:66.66%\">\n<figure class=\"wp-block-image size-full\"><img loading=\"lazy\" decoding=\"async\" width=\"471\" height=\"427\" src=\"https:\/\/parasimpatic.ro\/wp-content\/uploads\/2023\/07\/image_2023-07-29_101424509.png\" alt=\"\" class=\"wp-image-965\" srcset=\"https:\/\/parasimpatic.ro\/wp-content\/uploads\/2023\/07\/image_2023-07-29_101424509.png 471w, https:\/\/parasimpatic.ro\/wp-content\/uploads\/2023\/07\/image_2023-07-29_101424509-300x272.png 300w\" sizes=\"auto, (max-width: 471px) 100vw, 471px\" \/><\/figure>\n<\/div>\n<\/div>\n","protected":false},"excerpt":{"rendered":"<p>Acesta nu este un site de promovare, este un site de provocare a unor procese interioare de con\u0219tientizare. De aceea, nu respect\u0103 \u00eentotdeauna bunele maniere ale comunic\u0103rii pe Internet \u0219i nici nu are preten\u021bii de text-appeal. \u00cen locul experien\u021belor de tip \u201dwow!\u201d, care sunt promise, de obicei, ca fiind garan\u021bia lucrului bine f\u0103cut (de fapt, &hellip; <\/p>\n<p class=\"link-more\"><a href=\"https:\/\/parasimpatic.ro\/\" class=\"more-link\">Cite\u0219te mai multe<span class=\"screen-reader-text\">\u201eDespre site\u201d<\/span><\/a><\/p>\n","protected":false},"author":2,"featured_media":0,"parent":0,"menu_order":0,"comment_status":"closed","ping_status":"closed","template":"","meta":{"footnotes":""},"class_list":["post-20","page","type-page","status-publish","hentry"],"yoast_head":"<!-- This site is optimized with the Yoast SEO plugin v27.5 - https:\/\/yoast.com\/product\/yoast-seo-wordpress\/ -->\n<title>Despre site - Bazele practicilor antistres<\/title>\n<meta name=\"description\" content=\"Parasimpatic.ro este un loc unde gasiti informatii valoroase despre mecanismele stresului si idei de pus in practica pentru o viata fara stress\" \/>\n<meta name=\"robots\" content=\"index, follow, max-snippet:-1, max-image-preview:large, max-video-preview:-1\" \/>\n<link rel=\"canonical\" href=\"https:\/\/parasimpatic.ro\/\" \/>\n<meta property=\"og:locale\" content=\"ro_RO\" \/>\n<meta property=\"og:type\" content=\"article\" \/>\n<meta property=\"og:title\" content=\"Despre site - Bazele practicilor antistres\" \/>\n<meta property=\"og:description\" content=\"Parasimpatic.ro este un loc unde gasiti informatii valoroase despre mecanismele stresului si idei de pus in practica pentru o viata fara stress\" \/>\n<meta property=\"og:url\" content=\"https:\/\/parasimpatic.ro\/\" \/>\n<meta property=\"og:site_name\" content=\"Bazele practicilor antistres\" \/>\n<meta property=\"article:modified_time\" content=\"2024-07-06T08:49:16+00:00\" \/>\n<meta property=\"og:image\" content=\"https:\/\/parasimpatic.ro\/wp-content\/uploads\/2022\/09\/Medalion-Dan-2-rotund-1.png\" \/>\n<meta name=\"twitter:card\" content=\"summary_large_image\" \/>\n<meta name=\"twitter:label1\" content=\"Timp estimat pentru citire\" \/>\n\t<meta name=\"twitter:data1\" content=\"5 minute\" \/>\n<script type=\"application\/ld+json\" class=\"yoast-schema-graph\">{\"@context\":\"https:\\\/\\\/schema.org\",\"@graph\":[{\"@type\":\"WebPage\",\"@id\":\"https:\\\/\\\/parasimpatic.ro\\\/\",\"url\":\"https:\\\/\\\/parasimpatic.ro\\\/\",\"name\":\"Despre site - Bazele practicilor antistres\",\"isPartOf\":{\"@id\":\"https:\\\/\\\/parasimpatic.ro\\\/#website\"},\"primaryImageOfPage\":{\"@id\":\"https:\\\/\\\/parasimpatic.ro\\\/#primaryimage\"},\"image\":{\"@id\":\"https:\\\/\\\/parasimpatic.ro\\\/#primaryimage\"},\"thumbnailUrl\":\"https:\\\/\\\/parasimpatic.ro\\\/wp-content\\\/uploads\\\/2022\\\/09\\\/Medalion-Dan-2-rotund-1.png\",\"datePublished\":\"2022-09-07T19:38:20+00:00\",\"dateModified\":\"2024-07-06T08:49:16+00:00\",\"description\":\"Parasimpatic.ro este un loc unde gasiti informatii valoroase despre mecanismele stresului si idei de pus in practica pentru o viata fara stress\",\"breadcrumb\":{\"@id\":\"https:\\\/\\\/parasimpatic.ro\\\/#breadcrumb\"},\"inLanguage\":\"ro-RO\",\"potentialAction\":[{\"@type\":\"ReadAction\",\"target\":[\"https:\\\/\\\/parasimpatic.ro\\\/\"]}]},{\"@type\":\"ImageObject\",\"inLanguage\":\"ro-RO\",\"@id\":\"https:\\\/\\\/parasimpatic.ro\\\/#primaryimage\",\"url\":\"https:\\\/\\\/parasimpatic.ro\\\/wp-content\\\/uploads\\\/2022\\\/09\\\/Medalion-Dan-2-rotund-1.png\",\"contentUrl\":\"https:\\\/\\\/parasimpatic.ro\\\/wp-content\\\/uploads\\\/2022\\\/09\\\/Medalion-Dan-2-rotund-1.png\",\"width\":167,\"height\":172},{\"@type\":\"BreadcrumbList\",\"@id\":\"https:\\\/\\\/parasimpatic.ro\\\/#breadcrumb\",\"itemListElement\":[{\"@type\":\"ListItem\",\"position\":1,\"name\":\"Prima pagin\u0103\",\"item\":\"https:\\\/\\\/parasimpatic.ro\\\/\"},{\"@type\":\"ListItem\",\"position\":2,\"name\":\"Despre site\"}]},{\"@type\":\"WebSite\",\"@id\":\"https:\\\/\\\/parasimpatic.ro\\\/#website\",\"url\":\"https:\\\/\\\/parasimpatic.ro\\\/\",\"name\":\"Bazele practicilor antistres\",\"description\":\"\",\"potentialAction\":[{\"@type\":\"SearchAction\",\"target\":{\"@type\":\"EntryPoint\",\"urlTemplate\":\"https:\\\/\\\/parasimpatic.ro\\\/?s={search_term_string}\"},\"query-input\":{\"@type\":\"PropertyValueSpecification\",\"valueRequired\":true,\"valueName\":\"search_term_string\"}}],\"inLanguage\":\"ro-RO\"}]}<\/script>\n<!-- \/ Yoast SEO plugin. -->","yoast_head_json":{"title":"Despre site - Bazele practicilor antistres","description":"Parasimpatic.ro este un loc unde gasiti informatii valoroase despre mecanismele stresului si idei de pus in practica pentru o viata fara stress","robots":{"index":"index","follow":"follow","max-snippet":"max-snippet:-1","max-image-preview":"max-image-preview:large","max-video-preview":"max-video-preview:-1"},"canonical":"https:\/\/parasimpatic.ro\/","og_locale":"ro_RO","og_type":"article","og_title":"Despre site - Bazele practicilor antistres","og_description":"Parasimpatic.ro este un loc unde gasiti informatii valoroase despre mecanismele stresului si idei de pus in practica pentru o viata fara stress","og_url":"https:\/\/parasimpatic.ro\/","og_site_name":"Bazele practicilor antistres","article_modified_time":"2024-07-06T08:49:16+00:00","og_image":[{"url":"https:\/\/parasimpatic.ro\/wp-content\/uploads\/2022\/09\/Medalion-Dan-2-rotund-1.png","type":"","width":"","height":""}],"twitter_card":"summary_large_image","twitter_misc":{"Timp estimat pentru citire":"5 minute"},"schema":{"@context":"https:\/\/schema.org","@graph":[{"@type":"WebPage","@id":"https:\/\/parasimpatic.ro\/","url":"https:\/\/parasimpatic.ro\/","name":"Despre site - Bazele practicilor antistres","isPartOf":{"@id":"https:\/\/parasimpatic.ro\/#website"},"primaryImageOfPage":{"@id":"https:\/\/parasimpatic.ro\/#primaryimage"},"image":{"@id":"https:\/\/parasimpatic.ro\/#primaryimage"},"thumbnailUrl":"https:\/\/parasimpatic.ro\/wp-content\/uploads\/2022\/09\/Medalion-Dan-2-rotund-1.png","datePublished":"2022-09-07T19:38:20+00:00","dateModified":"2024-07-06T08:49:16+00:00","description":"Parasimpatic.ro este un loc unde gasiti informatii valoroase despre mecanismele stresului si idei de pus in practica pentru o viata fara stress","breadcrumb":{"@id":"https:\/\/parasimpatic.ro\/#breadcrumb"},"inLanguage":"ro-RO","potentialAction":[{"@type":"ReadAction","target":["https:\/\/parasimpatic.ro\/"]}]},{"@type":"ImageObject","inLanguage":"ro-RO","@id":"https:\/\/parasimpatic.ro\/#primaryimage","url":"https:\/\/parasimpatic.ro\/wp-content\/uploads\/2022\/09\/Medalion-Dan-2-rotund-1.png","contentUrl":"https:\/\/parasimpatic.ro\/wp-content\/uploads\/2022\/09\/Medalion-Dan-2-rotund-1.png","width":167,"height":172},{"@type":"BreadcrumbList","@id":"https:\/\/parasimpatic.ro\/#breadcrumb","itemListElement":[{"@type":"ListItem","position":1,"name":"Prima pagin\u0103","item":"https:\/\/parasimpatic.ro\/"},{"@type":"ListItem","position":2,"name":"Despre site"}]},{"@type":"WebSite","@id":"https:\/\/parasimpatic.ro\/#website","url":"https:\/\/parasimpatic.ro\/","name":"Bazele practicilor antistres","description":"","potentialAction":[{"@type":"SearchAction","target":{"@type":"EntryPoint","urlTemplate":"https:\/\/parasimpatic.ro\/?s={search_term_string}"},"query-input":{"@type":"PropertyValueSpecification","valueRequired":true,"valueName":"search_term_string"}}],"inLanguage":"ro-RO"}]}},"_links":{"self":[{"href":"https:\/\/parasimpatic.ro\/index.php\/wp-json\/wp\/v2\/pages\/20","targetHints":{"allow":["GET"]}}],"collection":[{"href":"https:\/\/parasimpatic.ro\/index.php\/wp-json\/wp\/v2\/pages"}],"about":[{"href":"https:\/\/parasimpatic.ro\/index.php\/wp-json\/wp\/v2\/types\/page"}],"author":[{"embeddable":true,"href":"https:\/\/parasimpatic.ro\/index.php\/wp-json\/wp\/v2\/users\/2"}],"replies":[{"embeddable":true,"href":"https:\/\/parasimpatic.ro\/index.php\/wp-json\/wp\/v2\/comments?post=20"}],"version-history":[{"count":50,"href":"https:\/\/parasimpatic.ro\/index.php\/wp-json\/wp\/v2\/pages\/20\/revisions"}],"predecessor-version":[{"id":1399,"href":"https:\/\/parasimpatic.ro\/index.php\/wp-json\/wp\/v2\/pages\/20\/revisions\/1399"}],"wp:attachment":[{"href":"https:\/\/parasimpatic.ro\/index.php\/wp-json\/wp\/v2\/media?parent=20"}],"curies":[{"name":"wp","href":"https:\/\/api.w.org\/{rel}","templated":true}]}}