{"id":285,"date":"2022-12-03T19:40:23","date_gmt":"2022-12-03T19:40:23","guid":{"rendered":"https:\/\/parasimpatic.ro\/?page_id=285"},"modified":"2024-06-14T21:17:08","modified_gmt":"2024-06-14T21:17:08","slug":"resurse","status":"publish","type":"page","link":"https:\/\/parasimpatic.ro\/index.php\/resurse\/","title":{"rendered":"Resurse"},"content":{"rendered":"\n<p>In balan\u021ba stresului, descris\u0103 de Dr Hans Selye ca: \u201dresurse proprii\u201d versus \u201dsolicit\u0103ri\u201d, care parte este \u00een controlul nostru? <\/p>\n\n\n\n<p><strong>Re-sursele sunt, a\u0219a cum le spune \u0219i numele, surse re-generabile de energie, de putere, de idei, de inspira\u021bie, nu doar pentru trup, dar mai ales \u00een domeniul sufletului \u0219i al spiritului. Avem nevoie de o hran\u0103 sufleteasc\u0103 zilnic\u0103, de p\u00e2inea cea de toate zilele, care ne va asigura cu adev\u0103rat independen\u021ba energetic\u0103, sustenabilitatea \u0219i ecologia.<\/strong><\/p>\n\n\n\n<p>*<em><strong>Avertisment!<\/strong> Aceste re-surse sunt puternic radioactive &#8211; cine le cite\u0219te \u0219i le asimileaz\u0103 se va transforma iremediabil!<\/em><\/p>\n\n\n\n<p>David R. Hawkins &#8211; Putere versus For\u021b\u0103<\/p>\n\n\n\n<p>Joe Dispenza &#8211; Supranatural<\/p>\n\n\n\n<p>Dr. Bruce Lipton &#8211; Biologia Credin\u021bei<\/p>\n\n\n\n<p>Joseph Murphy &#8211; Puterea Extraordinar\u0103 a Subcon\u0219tientului T\u0103u<\/p>\n\n\n\n<p>Anthony De Mello &#8211; Con\u0219tien\u021ba<\/p>\n\n\n\n<p>Anthony Robbins &#8211; Putere Nem\u0103rginit\u0103 \u0219i Treze\u0219te Uria\u0219ul din Tine<\/p>\n\n\n\n<p>David Deida &#8211; Calea B\u0103rbatului Superior<\/p>\n\n\n\n<p>Robert Moore, Douglas Gilette- Arhetipurile Masculine<\/p>\n\n\n\n<p>Dr. Mihail Litvak &#8211; Aikido Psihologic<\/p>\n\n\n\n<p>Marilee Adams &#8211; Schimb\u0103-\u021bi \u00centreb\u0103rile, Schimb\u0103-\u021bi Via\u021ba<\/p>\n\n\n\n<p>Timothy Gallwey &#8211; Jocul Interior \u0219i Tenisul<\/p>\n\n\n\n<p>Dr. Dorin Drago\u0219 &#8211; Medicina psihocauzal\u0103<\/p>\n\n\n\n<p>Dr. Robert Young &#8211; Miracolul Ph pentru o s\u0103n\u0103tate perfect\u0103<\/p>\n\n\n\n<p>Michel Montignac &#8211; M\u0103 hr\u0103nesc, deci sl\u0103besc. Regimul disociat<\/p>\n\n\n\n<p>Dr. Joel Fuhrman &#8211; Sf\u00e2r\u0219itul Diabetului<\/p>\n\n\n\n<p>Dr. Aviva Romm &#8211; Tiroida si glandele suprarenale<\/p>\n\n\n\n<p><\/p>\n\n\n\n<h3 class=\"wp-block-heading\"><strong>Video<\/strong> &#8211; detox, vindecare, re-generare<\/h3>\n\n\n\n<p>NOU! <a href=\"https:\/\/www.foodmatters.com\/films\">https:\/\/www.foodmatters.com\/films<\/a><\/p>\n\n\n\n<p>Simply Raw: Reversing Diabetes in 30 Days: <a href=\"https:\/\/www.youtube.com\/watch?v=tWYPv3szJAE\">https:\/\/www.youtube.com\/watch?v=tWYPv3szJAE<\/a><\/p>\n\n\n\n<p>Fat, Sick and Nearly Dead: <a href=\"https:\/\/www.youtube.com\/watch?v=YKGEB-tpI_c\">https:\/\/www.youtube.com\/watch?v=YKGEB-tpI_c<\/a><\/p>\n\n\n\n<p>Voda (Miracolul Apei): <a href=\"https:\/\/www.youtube.com\/watch?v=R-fZjsx6OJc\">https:\/\/www.youtube.com\/watch?v=R-fZjsx6OJc<\/a><\/p>\n\n\n\n<p>Le je\u00fbne, une nouvelle th\u00e9rapie?: <a href=\"https:\/\/vimeo.com\/145983469\">https:\/\/vimeo.com\/145983469<\/a><\/p>\n\n\n\n<p>Dr Eric Berg: <a href=\"https:\/\/www.youtube.com\/watch?v=0rrFWDnWgmw\" target=\"_blank\" rel=\"noreferrer noopener\">https:\/\/www.youtube.com\/watch?v=0rrFWDnWgmw<\/a> si altele<\/p>\n\n\n\n<p>Dr Ekberg: <a href=\"https:\/\/www.youtube.com\/watch?v=dYRpa-jLhx8\" target=\"_blank\" rel=\"noreferrer noopener\">https:\/\/www.youtube.com\/watch?v=dYRpa-jLhx8<\/a> si altele<\/p>\n\n\n\n<p>Dr. John Bergman: <a href=\"https:\/\/www.youtube.com\/watch?v=HlYKMAyBFq4\" target=\"_blank\" rel=\"noreferrer noopener\">https:\/\/www.youtube.com\/watch?v=HlYKMAyBFq4<\/a> si altele<\/p>\n\n\n\n<p> <a href=\"https:\/\/www.youtube.com\/watch?v=0KGRq9tRCvw\" target=\"_blank\" rel=\"noreferrer noopener\">https:\/\/www.youtube.com\/watch?v=0KGRq9tRCvw<\/a><\/p>\n\n\n\n<p>Drew Canole: <a href=\"https:\/\/www.youtube.com\/watch?v=PHOiPJFvIO0\" target=\"_blank\" rel=\"noreferrer noopener\">https:\/\/www.youtube.com\/watch?v=PHOiPJFvIO0<\/a> &#8211; are tone&#8230;<\/p>\n\n\n\n<p> <a href=\"https:\/\/www.youtube.com\/watch?v=8Y6uHA9JIWo\" target=\"_blank\" rel=\"noreferrer noopener\">https:\/\/www.youtube.com\/watch?v=8Y6uHA9JIWo<\/a> <\/p>\n\n\n\n<p> <a href=\"https:\/\/www.youtube.com\/watch?v=dIlVCyrQt7Y&amp;list=PLIN-vZYdTaSx-NLjQNq8_rqf82UCdAYNA&amp;index=10\" target=\"_blank\" rel=\"noreferrer noopener\">https:\/\/www.youtube.com\/watch?v=dIlVCyrQt7Y&amp;list=PLIN-vZYdTaSx-NLjQNq8_rqf82UCdAYNA&amp;index=10<\/a><\/p>\n\n\n\n<p>Pentru cei curajosi sau disperati &#8211; il recomand din toata inima pe Dr Richard Schultze: <a href=\"https:\/\/www.youtube.com\/watch?v=d2ndU6EtokQ\" target=\"_blank\" rel=\"noreferrer noopener\">https:\/\/www.youtube.com\/watch?v=d2ndU6EtokQ<\/a><\/p>\n\n\n\n<p> <a href=\"https:\/\/www.youtube.com\/watch?v=pzkQBgzjyks\" target=\"_blank\" rel=\"noreferrer noopener\">https:\/\/www.youtube.com\/watch?v=pzkQBgzjyks<\/a><\/p>\n\n\n\n<p><\/p>\n","protected":false},"excerpt":{"rendered":"<p>In balan\u021ba stresului, descris\u0103 de Dr Hans Selye ca: \u201dresurse proprii\u201d versus \u201dsolicit\u0103ri\u201d, care parte este \u00een controlul nostru? Re-sursele sunt, a\u0219a cum le spune \u0219i numele, surse re-generabile de energie, de putere, de idei, de inspira\u021bie, nu doar pentru trup, dar mai ales \u00een domeniul sufletului \u0219i al spiritului. Avem nevoie de o hran\u0103 &hellip; <\/p>\n<p class=\"link-more\"><a href=\"https:\/\/parasimpatic.ro\/index.php\/resurse\/\" class=\"more-link\">Cite\u0219te mai multe<span class=\"screen-reader-text\">\u201eResurse\u201d<\/span><\/a><\/p>\n","protected":false},"author":2,"featured_media":0,"parent":0,"menu_order":0,"comment_status":"closed","ping_status":"closed","template":"","meta":{"footnotes":""},"class_list":["post-285","page","type-page","status-publish","hentry"],"yoast_head":"<!-- This site is optimized with the Yoast SEO plugin v27.5 - https:\/\/yoast.com\/product\/yoast-seo-wordpress\/ -->\n<title>Resurse - Bazele practicilor antistres<\/title>\n<meta name=\"description\" content=\"Resurse\" \/>\n<meta name=\"robots\" content=\"index, follow, max-snippet:-1, max-image-preview:large, max-video-preview:-1\" \/>\n<link rel=\"canonical\" href=\"https:\/\/parasimpatic.ro\/index.php\/resurse\/\" \/>\n<meta property=\"og:locale\" content=\"ro_RO\" \/>\n<meta property=\"og:type\" content=\"article\" \/>\n<meta property=\"og:title\" content=\"Resurse - Bazele practicilor antistres\" \/>\n<meta property=\"og:description\" content=\"Resurse\" \/>\n<meta property=\"og:url\" content=\"https:\/\/parasimpatic.ro\/index.php\/resurse\/\" \/>\n<meta property=\"og:site_name\" content=\"Bazele practicilor antistres\" \/>\n<meta property=\"article:modified_time\" content=\"2024-06-14T21:17:08+00:00\" \/>\n<meta name=\"twitter:card\" content=\"summary_large_image\" \/>\n<meta name=\"twitter:label1\" content=\"Timp estimat pentru citire\" \/>\n\t<meta name=\"twitter:data1\" content=\"2 minute\" \/>\n<script type=\"application\/ld+json\" class=\"yoast-schema-graph\">{\"@context\":\"https:\\\/\\\/schema.org\",\"@graph\":[{\"@type\":\"WebPage\",\"@id\":\"https:\\\/\\\/parasimpatic.ro\\\/index.php\\\/resurse\\\/\",\"url\":\"https:\\\/\\\/parasimpatic.ro\\\/index.php\\\/resurse\\\/\",\"name\":\"Resurse - Bazele practicilor antistres\",\"isPartOf\":{\"@id\":\"https:\\\/\\\/parasimpatic.ro\\\/#website\"},\"datePublished\":\"2022-12-03T19:40:23+00:00\",\"dateModified\":\"2024-06-14T21:17:08+00:00\",\"description\":\"Resurse\",\"breadcrumb\":{\"@id\":\"https:\\\/\\\/parasimpatic.ro\\\/index.php\\\/resurse\\\/#breadcrumb\"},\"inLanguage\":\"ro-RO\",\"potentialAction\":[{\"@type\":\"ReadAction\",\"target\":[\"https:\\\/\\\/parasimpatic.ro\\\/index.php\\\/resurse\\\/\"]}]},{\"@type\":\"BreadcrumbList\",\"@id\":\"https:\\\/\\\/parasimpatic.ro\\\/index.php\\\/resurse\\\/#breadcrumb\",\"itemListElement\":[{\"@type\":\"ListItem\",\"position\":1,\"name\":\"Prima pagin\u0103\",\"item\":\"https:\\\/\\\/parasimpatic.ro\\\/\"},{\"@type\":\"ListItem\",\"position\":2,\"name\":\"Resurse\"}]},{\"@type\":\"WebSite\",\"@id\":\"https:\\\/\\\/parasimpatic.ro\\\/#website\",\"url\":\"https:\\\/\\\/parasimpatic.ro\\\/\",\"name\":\"Bazele practicilor antistres\",\"description\":\"\",\"potentialAction\":[{\"@type\":\"SearchAction\",\"target\":{\"@type\":\"EntryPoint\",\"urlTemplate\":\"https:\\\/\\\/parasimpatic.ro\\\/?s={search_term_string}\"},\"query-input\":{\"@type\":\"PropertyValueSpecification\",\"valueRequired\":true,\"valueName\":\"search_term_string\"}}],\"inLanguage\":\"ro-RO\"}]}<\/script>\n<!-- \/ Yoast SEO plugin. -->","yoast_head_json":{"title":"Resurse - Bazele practicilor antistres","description":"Resurse","robots":{"index":"index","follow":"follow","max-snippet":"max-snippet:-1","max-image-preview":"max-image-preview:large","max-video-preview":"max-video-preview:-1"},"canonical":"https:\/\/parasimpatic.ro\/index.php\/resurse\/","og_locale":"ro_RO","og_type":"article","og_title":"Resurse - Bazele practicilor antistres","og_description":"Resurse","og_url":"https:\/\/parasimpatic.ro\/index.php\/resurse\/","og_site_name":"Bazele practicilor antistres","article_modified_time":"2024-06-14T21:17:08+00:00","twitter_card":"summary_large_image","twitter_misc":{"Timp estimat pentru citire":"2 minute"},"schema":{"@context":"https:\/\/schema.org","@graph":[{"@type":"WebPage","@id":"https:\/\/parasimpatic.ro\/index.php\/resurse\/","url":"https:\/\/parasimpatic.ro\/index.php\/resurse\/","name":"Resurse - Bazele practicilor antistres","isPartOf":{"@id":"https:\/\/parasimpatic.ro\/#website"},"datePublished":"2022-12-03T19:40:23+00:00","dateModified":"2024-06-14T21:17:08+00:00","description":"Resurse","breadcrumb":{"@id":"https:\/\/parasimpatic.ro\/index.php\/resurse\/#breadcrumb"},"inLanguage":"ro-RO","potentialAction":[{"@type":"ReadAction","target":["https:\/\/parasimpatic.ro\/index.php\/resurse\/"]}]},{"@type":"BreadcrumbList","@id":"https:\/\/parasimpatic.ro\/index.php\/resurse\/#breadcrumb","itemListElement":[{"@type":"ListItem","position":1,"name":"Prima pagin\u0103","item":"https:\/\/parasimpatic.ro\/"},{"@type":"ListItem","position":2,"name":"Resurse"}]},{"@type":"WebSite","@id":"https:\/\/parasimpatic.ro\/#website","url":"https:\/\/parasimpatic.ro\/","name":"Bazele practicilor antistres","description":"","potentialAction":[{"@type":"SearchAction","target":{"@type":"EntryPoint","urlTemplate":"https:\/\/parasimpatic.ro\/?s={search_term_string}"},"query-input":{"@type":"PropertyValueSpecification","valueRequired":true,"valueName":"search_term_string"}}],"inLanguage":"ro-RO"}]}},"_links":{"self":[{"href":"https:\/\/parasimpatic.ro\/index.php\/wp-json\/wp\/v2\/pages\/285","targetHints":{"allow":["GET"]}}],"collection":[{"href":"https:\/\/parasimpatic.ro\/index.php\/wp-json\/wp\/v2\/pages"}],"about":[{"href":"https:\/\/parasimpatic.ro\/index.php\/wp-json\/wp\/v2\/types\/page"}],"author":[{"embeddable":true,"href":"https:\/\/parasimpatic.ro\/index.php\/wp-json\/wp\/v2\/users\/2"}],"replies":[{"embeddable":true,"href":"https:\/\/parasimpatic.ro\/index.php\/wp-json\/wp\/v2\/comments?post=285"}],"version-history":[{"count":25,"href":"https:\/\/parasimpatic.ro\/index.php\/wp-json\/wp\/v2\/pages\/285\/revisions"}],"predecessor-version":[{"id":1359,"href":"https:\/\/parasimpatic.ro\/index.php\/wp-json\/wp\/v2\/pages\/285\/revisions\/1359"}],"wp:attachment":[{"href":"https:\/\/parasimpatic.ro\/index.php\/wp-json\/wp\/v2\/media?parent=285"}],"curies":[{"name":"wp","href":"https:\/\/api.w.org\/{rel}","templated":true}]}}